{"id":146,"date":"2021-10-19T19:48:45","date_gmt":"2021-10-19T19:48:45","guid":{"rendered":"http:\/\/hoteldelalinda.com.ar\/?page_id=146"},"modified":"2026-03-11T22:15:03","modified_gmt":"2026-03-12T01:15:03","slug":"habitaciones","status":"publish","type":"page","link":"https:\/\/hoteldelalinda.com.ar\/en\/habitaciones\/","title":{"rendered":"Rooms"},"content":{"rendered":"\t\t<div data-elementor-type=\"wp-page\" data-elementor-id=\"146\" class=\"elementor elementor-146\" data-elementor-post-type=\"page\">\n\t\t\t\t\t\t<section class=\"elementor-section elementor-top-section elementor-element elementor-element-6d6574ea elementor-section-height-min-height elementor-section-boxed elementor-section-height-default elementor-section-items-middle\" data-id=\"6d6574ea\" data-element_type=\"section\" data-e-type=\"section\" data-settings=\"{&quot;background_background&quot;:&quot;classic&quot;}\">\n\t\t\t\t\t\t\t<div class=\"elementor-background-overlay\"><\/div>\n\t\t\t\t\t\t\t<div class=\"elementor-container elementor-column-gap-default\">\n\t\t\t\t\t<div class=\"elementor-column elementor-col-100 elementor-top-column elementor-element elementor-element-737b7c36\" data-id=\"737b7c36\" data-element_type=\"column\" data-e-type=\"column\">\n\t\t\t<div class=\"elementor-widget-wrap elementor-element-populated\">\n\t\t\t\t\t\t<div class=\"elementor-element elementor-element-5d990588 elementor-widget elementor-widget-heading\" data-id=\"5d990588\" data-element_type=\"widget\" data-e-type=\"widget\" data-widget_type=\"heading.default\">\n\t\t\t\t\t<h2 class=\"elementor-heading-title elementor-size-default\">Habitaciones<\/h2>\t\t\t\t<\/div>\n\t\t\t\t\t<\/div>\n\t\t<\/div>\n\t\t\t\t\t<\/div>\n\t\t<\/section>\n\t\t<div class=\"elementor-element elementor-element-a1f80c0 e-flex e-con-boxed e-con e-parent\" data-id=\"a1f80c0\" data-element_type=\"container\" data-e-type=\"container\" data-settings=\"{&quot;background_background&quot;:&quot;slideshow&quot;,&quot;background_slideshow_gallery&quot;:[],&quot;background_slideshow_loop&quot;:&quot;yes&quot;,&quot;background_slideshow_slide_duration&quot;:5000,&quot;background_slideshow_slide_transition&quot;:&quot;fade&quot;,&quot;background_slideshow_transition_duration&quot;:500}\">\n\t\t\t\t\t<div class=\"e-con-inner\">\n\t\t\t\t<div class=\"elementor-element elementor-element-adff910 elementor-widget elementor-widget-metabox-group\" data-id=\"adff910\" data-element_type=\"widget\" data-e-type=\"widget\" data-widget_type=\"metabox-group.default\">\n\t\t\t\t<div class=\"elementor-widget-container\">\n\t\t\t\t\t<div class=\"mbei-groups\"><div class=\"mbei-group\"><div class=\"mbei-subfield mbei-subfield--tiplogia\">Habitaci\u00f3n Doble<\/div><div class=\"mbei-subfield mbei-subfield--portada\"><img fetchpriority=\"high\" decoding=\"async\" width=\"2560\" height=\"1483\" src=\"https:\/\/hoteldelalinda.com.ar\/wp-content\/uploads\/2026\/03\/DSC00815-1-scaled.jpg\" class=\"attachment-full size-full\" alt=\"\" \/><\/div><div class=\"mbei-subfield mbei-subfield--textarea_5wgxsxkeb4m\">Esta habitaci\u00f3n cuenta con aire acondicionado, TV por cable y ba\u00f1o privado.<\/div><\/div><div class=\"mbei-group\"><div class=\"mbei-subfield mbei-subfield--tiplogia\">Habitaci\u00f3n Triple<\/div><div class=\"mbei-subfield mbei-subfield--portada\"><img decoding=\"async\" width=\"2560\" height=\"1702\" src=\"https:\/\/hoteldelalinda.com.ar\/wp-content\/uploads\/2026\/03\/DSC00855-scaled.jpg\" class=\"attachment-full size-full\" alt=\"\" \/><\/div><div class=\"mbei-subfield mbei-subfield--textarea_5wgxsxkeb4m\">Esta habitaci\u00f3n cuenta con aire acondicionado, TV por cable y ba\u00f1o privado.<\/div><\/div><div class=\"mbei-group\"><div class=\"mbei-subfield mbei-subfield--tiplogia\">Habitaci\u00f3n Cuadruple<\/div><div class=\"mbei-subfield mbei-subfield--portada\"><img decoding=\"async\" width=\"2560\" height=\"1702\" src=\"https:\/\/hoteldelalinda.com.ar\/wp-content\/uploads\/2026\/03\/DSC00876-1-scaled.jpg\" class=\"attachment-full size-full\" alt=\"\" \/><\/div><div class=\"mbei-subfield mbei-subfield--textarea_5wgxsxkeb4m\">Esta habitaci\u00f3n cuenta con aire acondicionado, TV por cable y ba\u00f1o privado.<\/div><\/div><\/div>\t\t\t\t<\/div>\n\t\t\t\t<\/div>\n\t\t\t\t\t<\/div>\n\t\t\t\t<\/div>\n\t\t\t\t<section class=\"elementor-section elementor-top-section elementor-element elementor-element-53e0af1 elementor-section-boxed elementor-section-height-default elementor-section-height-default\" data-id=\"53e0af1\" data-element_type=\"section\" data-e-type=\"section\">\n\t\t\t\t\t\t<div class=\"elementor-container elementor-column-gap-default\">\n\t\t\t\t\t<div class=\"elementor-column elementor-col-100 elementor-top-column elementor-element elementor-element-2a9ea0c7\" data-id=\"2a9ea0c7\" data-element_type=\"column\" data-e-type=\"column\">\n\t\t\t<div class=\"elementor-widget-wrap elementor-element-populated\">\n\t\t\t\t\t\t<div class=\"elementor-element elementor-element-27aa76dc elementor-widget elementor-widget-heading\" data-id=\"27aa76dc\" data-element_type=\"widget\" data-e-type=\"widget\" data-widget_type=\"heading.default\">\n\t\t\t\t\t<h3 class=\"elementor-heading-title elementor-size-default\">Servicios<\/h3>\t\t\t\t<\/div>\n\t\t\t\t<div class=\"elementor-element elementor-element-282cb9cf elementor-widget elementor-widget-text-editor\" data-id=\"282cb9cf\" data-element_type=\"widget\" data-e-type=\"widget\" data-widget_type=\"text-editor.default\">\n\t\t\t\t\t\t\t\t\t<ul><li>Caja de seguridad<\/li><li>TV por cable<\/li><li>Placard<\/li><li>Calefacci\u00f3n<\/li><li>Aire acondicionado<\/li><\/ul>\t\t\t\t\t\t\t\t<\/div>\n\t\t\t\t\t<\/div>\n\t\t<\/div>\n\t\t\t\t\t<\/div>\n\t\t<\/section>\n\t\t\t\t<section class=\"elementor-section elementor-top-section elementor-element elementor-element-4cf024e7 elementor-section-content-middle elementor-section-boxed elementor-section-height-default elementor-section-height-default\" data-id=\"4cf024e7\" data-element_type=\"section\" data-e-type=\"section\" data-settings=\"{&quot;background_background&quot;:&quot;classic&quot;,&quot;sticky&quot;:&quot;top&quot;,&quot;sticky_effects_offset&quot;:2,&quot;sticky_on&quot;:[&quot;desktop&quot;,&quot;tablet&quot;,&quot;mobile&quot;],&quot;sticky_offset&quot;:0,&quot;sticky_anchor_link_offset&quot;:0}\">\n\t\t\t\t\t\t<div class=\"elementor-container elementor-column-gap-no\">\n\t\t\t\t\t<div class=\"elementor-column elementor-col-100 elementor-top-column elementor-element elementor-element-401b763b\" data-id=\"401b763b\" data-element_type=\"column\" data-e-type=\"column\">\n\t\t\t<div class=\"elementor-widget-wrap elementor-element-populated\">\n\t\t\t\t\t\t<div class=\"elementor-element elementor-element-161b46a2 elementor-widget elementor-widget-heading\" data-id=\"161b46a2\" data-element_type=\"widget\" data-e-type=\"widget\" data-widget_type=\"heading.default\">\n\t\t\t\t\t<h2 class=\"elementor-heading-title elementor-size-default\">Reserva Ahora<\/h2>\t\t\t\t<\/div>\n\t\t\t\t<div class=\"elementor-element elementor-element-3250a32 elementor-widget elementor-widget-shortcode\" data-id=\"3250a32\" data-element_type=\"widget\" data-e-type=\"widget\" data-widget_type=\"shortcode.default\">\n\t\t\t\t\t\r\n<div class=\"box-datepicker\">\r\n    \r\n    <div class=\"box box-from\">\r\n        <p class=\"text_checkin\">Check In<\/p>\r\n        <input type=\"text\" class=\"datepicker input_from\" placeholder=\"Check-In\" \/>\r\n        <svg style=\"width:17px\" aria-hidden=\"true\" focusable=\"false\" data-prefix=\"far\" data-icon=\"calendar-alt\" class=\"icon svg-inline--fa fa-calendar-alt fa-w-14\" role=\"img\" xmlns=\"http:\/\/www.w3.org\/2000\/svg\" viewBox=\"0 0 448 512\"><path fill=\"currentColor\" d=\"M148 288h-40c-6.6 0-12-5.4-12-12v-40c0-6.6 5.4-12 12-12h40c6.6 0 12 5.4 12 12v40c0 6.6-5.4 12-12 12zm108-12v-40c0-6.6-5.4-12-12-12h-40c-6.6 0-12 5.4-12 12v40c0 6.6 5.4 12 12 12h40c6.6 0 12-5.4 12-12zm96 0v-40c0-6.6-5.4-12-12-12h-40c-6.6 0-12 5.4-12 12v40c0 6.6 5.4 12 12 12h40c6.6 0 12-5.4 12-12zm-96 96v-40c0-6.6-5.4-12-12-12h-40c-6.6 0-12 5.4-12 12v40c0 6.6 5.4 12 12 12h40c6.6 0 12-5.4 12-12zm-96 0v-40c0-6.6-5.4-12-12-12h-40c-6.6 0-12 5.4-12 12v40c0 6.6 5.4 12 12 12h40c6.6 0 12-5.4 12-12zm192 0v-40c0-6.6-5.4-12-12-12h-40c-6.6 0-12 5.4-12 12v40c0 6.6 5.4 12 12 12h40c6.6 0 12-5.4 12-12zm96-260v352c0 26.5-21.5 48-48 48H48c-26.5 0-48-21.5-48-48V112c0-26.5 21.5-48 48-48h48V12c0-6.6 5.4-12 12-12h40c6.6 0 12 5.4 12 12v52h128V12c0-6.6 5.4-12 12-12h40c6.6 0 12 5.4 12 12v52h48c26.5 0 48 21.5 48 48zm-48 346V160H48v298c0 3.3 2.7 6 6 6h340c3.3 0 6-2.7 6-6z\"><\/path><\/svg>\r\n    <\/div>\r\n\r\n    <div class=\"box box-to\">\r\n        <p class=\"text_checkout\">Check Out<\/p>\r\n        <input type=\"text\" class=\"datepicker input_to\" placeholder=\"Check-out\" \/>\r\n        <svg style=\"width:17px\" aria-hidden=\"true\" focusable=\"false\" data-prefix=\"far\" data-icon=\"calendar-alt\" class=\"icon svg-inline--fa fa-calendar-alt fa-w-14\" role=\"img\" xmlns=\"http:\/\/www.w3.org\/2000\/svg\" viewBox=\"0 0 448 512\"><path fill=\"currentColor\" d=\"M148 288h-40c-6.6 0-12-5.4-12-12v-40c0-6.6 5.4-12 12-12h40c6.6 0 12 5.4 12 12v40c0 6.6-5.4 12-12 12zm108-12v-40c0-6.6-5.4-12-12-12h-40c-6.6 0-12 5.4-12 12v40c0 6.6 5.4 12 12 12h40c6.6 0 12-5.4 12-12zm96 0v-40c0-6.6-5.4-12-12-12h-40c-6.6 0-12 5.4-12 12v40c0 6.6 5.4 12 12 12h40c6.6 0 12-5.4 12-12zm-96 96v-40c0-6.6-5.4-12-12-12h-40c-6.6 0-12 5.4-12 12v40c0 6.6 5.4 12 12 12h40c6.6 0 12-5.4 12-12zm-96 0v-40c0-6.6-5.4-12-12-12h-40c-6.6 0-12 5.4-12 12v40c0 6.6 5.4 12 12 12h40c6.6 0 12-5.4 12-12zm192 0v-40c0-6.6-5.4-12-12-12h-40c-6.6 0-12 5.4-12 12v40c0 6.6 5.4 12 12 12h40c6.6 0 12-5.4 12-12zm96-260v352c0 26.5-21.5 48-48 48H48c-26.5 0-48-21.5-48-48V112c0-26.5 21.5-48 48-48h48V12c0-6.6 5.4-12 12-12h40c6.6 0 12 5.4 12 12v52h128V12c0-6.6 5.4-12 12-12h40c6.6 0 12 5.4 12 12v52h48c26.5 0 48 21.5 48 48zm-48 346V160H48v298c0 3.3 2.7 6 6 6h340c3.3 0 6-2.7 6-6z\"><\/path><\/svg>\r\n    <\/div>\r\n    \r\n    <div class=\"box box-adults \" >\r\n        <p class=\"text_guest\">Adults<\/p>\r\n        <select class=\"adults\">\r\n\r\n            <option value=\"1,\">1<\/option><option value=\"2,\">2<\/option><option value=\"3,\">3<\/option><option value=\"4,\">4<\/option>\r\n        <\/select>\r\n        <svg style=\"width:14px; margin-top:-3px;\" aria-hidden=\"true\" focusable=\"false\" data-prefix=\"fas\" data-icon=\"angle-down\" class=\"icon svg-inline--fa fa-angle-down fa-w-10\" role=\"img\" xmlns=\"http:\/\/www.w3.org\/2000\/svg\" viewBox=\"0 0 320 512\"><path fill=\"currentColor\" d=\"M143 352.3L7 216.3c-9.4-9.4-9.4-24.6 0-33.9l22.6-22.6c9.4-9.4 24.6-9.4 33.9 0l96.4 96.4 96.4-96.4c9.4-9.4 24.6-9.4 33.9 0l22.6 22.6c9.4 9.4 9.4 24.6 0 33.9l-136 136c-9.2 9.4-24.4 9.4-33.8 0z\"><\/path><\/svg>\r\n    <\/div>\r\n    \r\n    <!-- ROOMS -->\r\n    <div class=\"box box-rooms \" style=\"display:none\">\r\n        <p class=\"text_rooms\">Rooms<\/p>\r\n        <select class=\"rooms\">\r\n            <option>1<\/option>\r\n            <option>2<\/option>\r\n            <option>3<\/option>\r\n            <option>4<\/option>\r\n            <option>5<\/option>\r\n            <option>6<\/option>\r\n            <option>7<\/option>\r\n            <option>8<\/option>\r\n            <option>9<\/option>\r\n            <option>10<\/option>\r\n        <\/select>\r\n        <svg style=\"width:14px\" aria-hidden=\"true\" focusable=\"false\" data-prefix=\"fas\" data-icon=\"angle-down\" class=\"icon svg-inline--fa fa-angle-down fa-w-10\" role=\"img\" xmlns=\"http:\/\/www.w3.org\/2000\/svg\" viewBox=\"0 0 320 512\"><path fill=\"currentColor\" d=\"M143 352.3L7 216.3c-9.4-9.4-9.4-24.6 0-33.9l22.6-22.6c9.4-9.4 24.6-9.4 33.9 0l96.4 96.4 96.4-96.4c9.4-9.4 24.6-9.4 33.9 0l22.6 22.6c9.4 9.4 9.4 24.6 0 33.9l-136 136c-9.2 9.4-24.4 9.4-33.8 0z\"><\/path><\/svg>\r\n    <\/div>\r\n\r\n    <!-- CHILDREN -->\r\n    <div class=\"box box-children \" style=\"display:none\">\r\n        <p class=\"text_children\">Children<\/p>\r\n        <select class=\"children\">\r\n\r\n        \r\n        <\/select>\r\n        <svg style=\"width:14px; margin-top:-3px;\" aria-hidden=\"true\" focusable=\"false\" data-prefix=\"fas\" data-icon=\"angle-down\" class=\"icon svg-inline--fa fa-angle-down fa-w-10\" role=\"img\" xmlns=\"http:\/\/www.w3.org\/2000\/svg\" viewBox=\"0 0 320 512\"><path fill=\"currentColor\" d=\"M143 352.3L7 216.3c-9.4-9.4-9.4-24.6 0-33.9l22.6-22.6c9.4-9.4 24.6-9.4 33.9 0l96.4 96.4 96.4-96.4c9.4-9.4 24.6-9.4 33.9 0l22.6 22.6c9.4 9.4 9.4 24.6 0 33.9l-136 136c-9.2 9.4-24.4 9.4-33.8 0z\"><\/path><\/svg>\r\n    <\/div>\r\n\r\n    <!-- DISCOUNTS -->\r\n    <div class=\"box box-discount\" style=\"display:none \">\r\n        <p class=\"text_discount\">Discount Coupon<\/p>\r\n        <input type=\"text\" name=\"discount_coupon\" class=\"discount\" val=\"\" \/> \r\n        <svg style=\"width:14px; margin-top:6px;\" aria-hidden=\"true\" focusable=\"false\" data-prefix=\"fas\" data-icon=\"tag\" class=\"icon svg-inline--fa fa-tag fa-w-16\" role=\"img\" xmlns=\"http:\/\/www.w3.org\/2000\/svg\" viewBox=\"0 0 512 512\"><path fill=\"currentColor\" d=\"M0 252.118V48C0 21.49 21.49 0 48 0h204.118a48 48 0 0 1 33.941 14.059l211.882 211.882c18.745 18.745 18.745 49.137 0 67.882L293.823 497.941c-18.745 18.745-49.137 18.745-67.882 0L14.059 286.059A48 48 0 0 1 0 252.118zM112 64c-26.51 0-48 21.49-48 48s21.49 48 48 48 48-21.49 48-48-21.49-48-48-48z\"><\/path><\/svg>\r\n    <\/div>\r\n\r\n    <button class=\"button button-submit text_submit\">Search Now<\/button>\r\n<\/div>\r\n\r\n\r\n<script id=\"dp_script_date_picker\">\r\n\r\n\/**\r\n * Variables para funcion\r\n *\/\r\nvar languague = jQuery('html').attr('lang');\r\nvar formatSubmit = \"yyyy-mm-dd\";\r\n\r\n\r\njQuery(document).ready(function( $ ) {\r\n\r\n    print_languague( languague, formatSubmit ) \/\/Funcion en translated.js\r\n    \r\n    \/**\r\n     * Imprime el Script\r\n     *\/\r\n    \r\n    console.log('Mini Hotel Booking Engine Active');\r\n\r\n    jQuery('.button-submit').click(function(){\r\n        var from = jQuery('.box-from input[type=hidden]').val();\r\n        var to = jQuery('.box-to input[type=hidden]').val();\r\n        var adults = jQuery('.adults option:selected').val();\r\n        var rooms = null\r\n        var children = null\r\n        var discount = null\r\n    \r\n        window.location.href = 'https:\/\/hoteldelalinda.com.ar\/reservas?from='+from+'&to='+to+'&nAdults='+adults \r\n    }); });\r\n<\/script>\t\t<div class=\"elementor-shortcode\"><\/div>\n\t\t\t\t\t\t<\/div>\n\t\t\t\t\t<\/div>\n\t\t<\/div>\n\t\t\t\t\t<\/div>\n\t\t<\/section>\n\t\t\t\t<\/div>\n\t\t","protected":false},"excerpt":{"rendered":"<p>Habitaciones Habitaci\u00f3n DobleEsta habitaci\u00f3n cuenta con aire acondicionado, TV por cable y ba\u00f1o privado.Habitaci\u00f3n TripleEsta habitaci\u00f3n cuenta con aire acondicionado, TV por cable y ba\u00f1o privado.Habitaci\u00f3n CuadrupleEsta habitaci\u00f3n cuenta con aire acondicionado, TV por cable y ba\u00f1o privado. Servicios Caja de seguridad TV por cable Placard Calefacci\u00f3n Aire acondicionado Reserva Ahora<\/p>","protected":false},"author":1,"featured_media":0,"parent":0,"menu_order":0,"comment_status":"closed","ping_status":"closed","template":"","meta":{"footnotes":""},"class_list":["post-146","page","type-page","status-publish","hentry"],"meta_box":[],"_links":{"self":[{"href":"https:\/\/hoteldelalinda.com.ar\/en\/wp-json\/wp\/v2\/pages\/146","targetHints":{"allow":["GET"]}}],"collection":[{"href":"https:\/\/hoteldelalinda.com.ar\/en\/wp-json\/wp\/v2\/pages"}],"about":[{"href":"https:\/\/hoteldelalinda.com.ar\/en\/wp-json\/wp\/v2\/types\/page"}],"author":[{"embeddable":true,"href":"https:\/\/hoteldelalinda.com.ar\/en\/wp-json\/wp\/v2\/users\/1"}],"replies":[{"embeddable":true,"href":"https:\/\/hoteldelalinda.com.ar\/en\/wp-json\/wp\/v2\/comments?post=146"}],"version-history":[{"count":3,"href":"https:\/\/hoteldelalinda.com.ar\/en\/wp-json\/wp\/v2\/pages\/146\/revisions"}],"predecessor-version":[{"id":2530,"href":"https:\/\/hoteldelalinda.com.ar\/en\/wp-json\/wp\/v2\/pages\/146\/revisions\/2530"}],"wp:attachment":[{"href":"https:\/\/hoteldelalinda.com.ar\/en\/wp-json\/wp\/v2\/media?parent=146"}],"curies":[{"name":"wp","href":"https:\/\/api.w.org\/{rel}","templated":true}]}}